{"id":12,"date":"2025-02-20T10:29:32","date_gmt":"2025-02-20T10:29:32","guid":{"rendered":"https:\/\/neu.hagdorn-waesche.de\/?page_id=12"},"modified":"2025-10-15T16:03:51","modified_gmt":"2025-10-15T16:03:51","slug":"impressum","status":"publish","type":"page","link":"https:\/\/neu.hagdorn-waesche.de\/?page_id=12","title":{"rendered":"Impressum"},"content":{"rendered":"<div id=\"imTextObject_7_01\">\n<div id=\"imTextObject_7_01_tab0\" class=\"text-tab-content grid-prop current-tab \" data-index=\"0\">\n<div class=\"text-inner\">\n<div>\n<div class=\"paragraph\">\n<p><b>F\u00dcR DEN INHALT VERANTWORTLICH:<\/b><\/p>\n<\/div>\n<div class=\"paragraph\">\n<div><span class=\"fs15\">Hagdorn W\u00e4sche &amp; mehr e.K.<\/span><\/div>\n<div>Inh. M.Eul<\/div>\n<\/div>\n<div class=\"paragraph\">\n<p><b>FIRMENSITZ \/ ADRESSE:<br \/>\n<\/b><\/p>\n<\/div>\n<div class=\"paragraph\">\n<div>Am Neutor 15-17<\/div>\n<div>46535 Dinslaken<\/div>\n<div><\/div>\n<div>Telefon: 02064-4489-0<\/div>\n<div>Fax: 02064-4489-89<\/div>\n<div><\/div>\n<div>EMail: info@hagdorn-waesche.de<\/div>\n<div><\/div>\n<div>Registergericht: Amtsgericht Duisburg<\/div>\n<div>Registernummer: HRA 6991<\/div>\n<div><\/div>\n<div>Umsatzsteuer-Identifikationsnummer gem. \u00a7 27a UStG: DE 119074391<\/div>\n<div><\/div>\n<div>Inhaltlich Verantwortlicher gem. \u00a7 55 II RStV: M.Eul (Anschrift s.o.)<\/div>\n<\/div>\n<div class=\"paragraph\"><\/div>\n<div class=\"paragraph\">\n<p>&nbsp;<\/p>\n<\/div>\n<div class=\"paragraph\">\n<p><b>HAFTUNGSAUSSCHLUSS<\/b><br \/>\nMit Urteil vom 12. Mai 1998 hat das Landgericht Hamburg entschieden, dass man durch die Ausbringung eines Links die Inhalte der gelinkten Seite ggf. mit zu verantworten hat. Dies kann &#8211; so das LG &#8211; nur dadurch verhindert werden, wenn man sich ausdr\u00fccklich von den Inhalten der verlinkten Seite distanziert.<br \/>\n<b>DISTANZIERUNG<\/b><br \/>\nWir haben auf unserer Web-Seite Links zu anderen Seiten im Internet gelegt. F\u00fcr alle diese Links gilt: Wir betonen ausdr\u00fccklich, dass wir keinerlei Einflu\u00df auf die Gestaltung, Inhalte und die Ideologie der gelinkten Seiten haben. Deshalb distanzieren wir uns hiermit ausdr\u00fccklich von allen Inhalten aller gelinkten Seiten auf unserer Web-Seite. Diese Erkl\u00e4rung gilt f\u00fcr alle auf unserer Web-Seite ausgebrachten Links und f\u00fcr alle Inhalte der Seiten, zu denen eventuelle Banner f\u00fchren.<br \/>\n<b>URHEBERRECHT<\/b><br \/>\nAlle Texte, Grafiken und Sounds auf der Web-Seite von <b>hagdorn-waesche.de<\/b> unterliegen dem Urheberrecht von <b>M. Eul<\/b>. Das Kopieren dieser Seiten, oder Teile der Seiten und die Wiedergabe dieser Inhalte in anderen Internetseiten bedarf der schriftlichen Genehmigung nur von <b>M. Eul<\/b>, die nur dann gegeben werden kann, wenn eine Quellenangabe vorliegt. Das Kopieren von Seiten aus dieser Web-Seite ohne Quellenangabe und ohne schriftliche Genehmigung von <b>M. Eul<\/b> wird als Versto\u00df gegen das Urheberrecht betrachtet. Das gilt auch f\u00fcr die Wiedergabe von Inhalten aus dieser Web-Seite in anderen Medien, z.B. in Printmedien, oder auf CD-ROM. Es ist ebenfalls nicht gestattet, Teile von Linklisten ohne Quellenangaben zu kopieren, da auch die Linklisten auf dieser Web-Seite als eigenst\u00e4ndige, geistige Leistungen betrachtet werden.<\/p>\n<p>Der Verfasser ist bem\u00fcht, in allen Publikationen die Urheberrechte der verwendeten Texte, Grafiken und Sounds zu beachten; von ihm selbst erstellte Texte, Grafiken und Sounds zu nutzen, oder auf lizenzfreie Texte, Grafiken und Sounds zur\u00fcckzugreifen. Sollte sich auf den jeweiligen Seiten dennoch eine ungekennzeichnete, aber durch fremdes Copyright gesch\u00fctzter Text, Grafik, oder ein Sound befinden, so konnte das Copyright vom Verfasser nicht festgestellt werden. Im Falle einer solchen unbeabsichtigten Copyrightverletzung wird der Verfasser das entsprechende Objekt nach Benachrichtigung aus seiner Publikation entfernen bzw. mit dem entsprechenden Copyright kenntlich machen.<\/p>\n<\/div>\n<\/div>\n<\/div>\n<\/div>\n<\/div>\n","protected":false},"excerpt":{"rendered":"<p>F\u00dcR DEN INHALT VERANTWORTLICH: Hagdorn W\u00e4sche &amp; mehr e.K. Inh. M.Eul FIRMENSITZ \/ ADRESSE: Am Neutor 15-17 46535 Dinslaken Telefon: 02064-4489-0 Fax: 02064-4489-89 EMail: info@hagdorn-waesche.de Registergericht: Amtsgericht Duisburg Registernummer: HRA 6991 Umsatzsteuer-Identifikationsnummer gem. \u00a7 27a UStG: DE 119074391 Inhaltlich Verantwortlicher gem. \u00a7 55 II RStV: M.Eul (Anschrift s.o.) &nbsp; HAFTUNGSAUSSCHLUSS Mit Urteil vom 12. Mai 1998 hat das Landgericht Hamburg entschieden, dass man durch die Ausbringung eines Links die Inhalte der gelinkten Seite ggf. mit zu verantworten hat. Dies kann &#8211; so das LG &#8211; nur dadurch verhindert werden, wenn man sich ausdr\u00fccklich von den Inhalten der verlinkten Seite distanziert. DISTANZIERUNG Wir haben auf unserer Web-Seite Links zu anderen Seiten im Internet gelegt. F\u00fcr alle diese Links gilt: Wir betonen ausdr\u00fccklich, dass wir keinerlei Einflu\u00df auf die Gestaltung, Inhalte und die Ideologie der gelinkten Seiten haben. Deshalb distanzieren wir uns hiermit ausdr\u00fccklich von allen Inhalten aller gelinkten Seiten auf unserer Web-Seite. Diese Erkl\u00e4rung gilt f\u00fcr alle auf unserer Web-Seite ausgebrachten Links und f\u00fcr alle Inhalte der Seiten, zu denen eventuelle Banner f\u00fchren. URHEBERRECHT Alle Texte, Grafiken und Sounds auf der Web-Seite von hagdorn-waesche.de unterliegen dem Urheberrecht von M. Eul. Das Kopieren dieser Seiten, oder Teile der Seiten und die Wiedergabe dieser Inhalte in anderen Internetseiten bedarf der schriftlichen Genehmigung nur von M. Eul, die nur dann gegeben werden kann, wenn eine Quellenangabe vorliegt. Das Kopieren von Seiten aus dieser Web-Seite ohne Quellenangabe und ohne schriftliche Genehmigung von M. Eul wird als Versto\u00df gegen das Urheberrecht betrachtet. Das gilt auch f\u00fcr die Wiedergabe von Inhalten aus dieser Web-Seite in anderen Medien, z.B. in Printmedien, oder auf CD-ROM. Es ist ebenfalls nicht gestattet, Teile von Linklisten ohne Quellenangaben zu kopieren, da auch die Linklisten auf dieser Web-Seite als eigenst\u00e4ndige, geistige Leistungen betrachtet werden. Der Verfasser ist bem\u00fcht, in allen Publikationen die Urheberrechte der verwendeten Texte, Grafiken und Sounds zu beachten; von ihm selbst erstellte Texte, Grafiken und Sounds zu nutzen, oder auf lizenzfreie Texte, Grafiken und Sounds zur\u00fcckzugreifen. Sollte sich auf den jeweiligen Seiten dennoch eine ungekennzeichnete, aber durch fremdes Copyright gesch\u00fctzter Text, Grafik, oder ein Sound befinden, so konnte das Copyright vom Verfasser nicht festgestellt werden. Im Falle einer solchen unbeabsichtigten Copyrightverletzung wird der Verfasser das entsprechende Objekt nach Benachrichtigung aus seiner Publikation entfernen bzw. mit dem entsprechenden Copyright kenntlich machen.<\/p>\n","protected":false},"author":1,"featured_media":0,"parent":0,"menu_order":0,"comment_status":"closed","ping_status":"closed","template":"","meta":{"footnotes":""},"class_list":["post-12","page","type-page","status-publish","hentry"],"_links":{"self":[{"href":"https:\/\/neu.hagdorn-waesche.de\/index.php?rest_route=\/wp\/v2\/pages\/12","targetHints":{"allow":["GET"]}}],"collection":[{"href":"https:\/\/neu.hagdorn-waesche.de\/index.php?rest_route=\/wp\/v2\/pages"}],"about":[{"href":"https:\/\/neu.hagdorn-waesche.de\/index.php?rest_route=\/wp\/v2\/types\/page"}],"author":[{"embeddable":true,"href":"https:\/\/neu.hagdorn-waesche.de\/index.php?rest_route=\/wp\/v2\/users\/1"}],"replies":[{"embeddable":true,"href":"https:\/\/neu.hagdorn-waesche.de\/index.php?rest_route=%2Fwp%2Fv2%2Fcomments&post=12"}],"version-history":[{"count":4,"href":"https:\/\/neu.hagdorn-waesche.de\/index.php?rest_route=\/wp\/v2\/pages\/12\/revisions"}],"predecessor-version":[{"id":17,"href":"https:\/\/neu.hagdorn-waesche.de\/index.php?rest_route=\/wp\/v2\/pages\/12\/revisions\/17"}],"wp:attachment":[{"href":"https:\/\/neu.hagdorn-waesche.de\/index.php?rest_route=%2Fwp%2Fv2%2Fmedia&parent=12"}],"curies":[{"name":"wp","href":"https:\/\/api.w.org\/{rel}","templated":true}]}}